{"id":4966,"date":"2025-11-19T17:11:41","date_gmt":"2025-11-19T22:11:41","guid":{"rendered":"https:\/\/wa.losdemarketing.com\/blog\/"},"modified":"2025-12-03T10:13:07","modified_gmt":"2025-12-03T15:13:07","slug":"blog","status":"publish","type":"page","link":"https:\/\/wa.losdemarketing.com\/pt-br\/blog\/","title":{"rendered":"Blog"},"content":{"rendered":"\t\t<div data-elementor-type=\"wp-page\" data-elementor-id=\"4966\" class=\"elementor elementor-4966 elementor-3015\" data-elementor-post-type=\"page\">\n\t\t\t\t<div class=\"elementor-element elementor-element-dcd945d e-con-full e-flex e-con e-parent\" data-id=\"dcd945d\" data-element_type=\"container\">\n\t\t\t\t<div class=\"elementor-element elementor-element-debfb7b elementor-widget elementor-widget-image\" data-id=\"debfb7b\" data-element_type=\"widget\" data-widget_type=\"image.default\">\n\t\t\t\t\t\t\t\t\t\t\t\t\t\t\t<img fetchpriority=\"high\" decoding=\"async\" width=\"2048\" height=\"839\" src=\"https:\/\/wa.losdemarketing.com\/wp-content\/uploads\/2025\/11\/core-reunion-2048x839.webp\" class=\"attachment-2048x2048 size-2048x2048 wp-image-4735\" alt=\"\" srcset=\"https:\/\/wa.losdemarketing.com\/wp-content\/uploads\/2025\/11\/core-reunion-2048x839.webp 2048w, https:\/\/wa.losdemarketing.com\/wp-content\/uploads\/2025\/11\/core-reunion-300x123.webp 300w, https:\/\/wa.losdemarketing.com\/wp-content\/uploads\/2025\/11\/core-reunion-1024x419.webp 1024w, https:\/\/wa.losdemarketing.com\/wp-content\/uploads\/2025\/11\/core-reunion-768x315.webp 768w, https:\/\/wa.losdemarketing.com\/wp-content\/uploads\/2025\/11\/core-reunion-1536x629.webp 1536w\" sizes=\"(max-width: 2048px) 100vw, 2048px\" \/>\t\t\t\t\t\t\t\t\t\t\t\t\t\t\t<\/div>\n\t\t\t\t<div class=\"elementor-element elementor-element-7b4a52f elementor-absolute center-title elementor-invisible elementor-widget elementor-widget-heading\" data-id=\"7b4a52f\" data-element_type=\"widget\" data-settings=\"{&quot;_position&quot;:&quot;absolute&quot;,&quot;_animation&quot;:&quot;fadeInLeft&quot;}\" data-widget_type=\"heading.default\">\n\t\t\t\t\t<h1 class=\"elementor-heading-title elementor-size-default\">Blog<\/h1>\t\t\t\t<\/div>\n\t\t\t\t<\/div>\n\t\t<div class=\"elementor-element elementor-element-2ebe1f93 e-con-full elementor-hidden-widescreen elementor-hidden-desktop elementor-hidden-laptop elementor-hidden-tablet elementor-hidden-mobile e-flex e-con e-parent\" data-id=\"2ebe1f93\" data-element_type=\"container\">\n\t\t\t\t<div class=\"elementor-element elementor-element-251cb2fe elementor-widget__width-initial elementor-widget elementor-widget-heading\" data-id=\"251cb2fe\" data-element_type=\"widget\" data-widget_type=\"heading.default\">\n\t\t\t\t\t<h2 class=\"elementor-heading-title elementor-size-default\">Atualidade:<\/h2>\t\t\t\t<\/div>\n\t\t\t\t<\/div>\n\t\t<div class=\"elementor-element elementor-element-c013535 e-con-full e-flex e-con e-parent\" data-id=\"c013535\" data-element_type=\"container\">\n\t\t<div class=\"elementor-element elementor-element-e07ec4 e-con-full e-flex e-con e-child\" data-id=\"e07ec4\" data-element_type=\"container\" data-settings=\"{&quot;background_background&quot;:&quot;classic&quot;}\">\n\t\t\t\t<div class=\"elementor-element elementor-element-1b84bd93 elementor-grid-1 elementor-posts--thumbnail-left elementor-grid-tablet-1 elementor-posts--align-left main_blog_initial elementor-grid-mobile-1 elementor-invisible elementor-widget elementor-widget-posts\" data-id=\"1b84bd93\" data-element_type=\"widget\" data-settings=\"{&quot;classic_columns&quot;:&quot;1&quot;,&quot;classic_columns_tablet&quot;:&quot;1&quot;,&quot;_animation&quot;:&quot;fadeIn&quot;,&quot;classic_columns_mobile&quot;:&quot;1&quot;,&quot;classic_row_gap&quot;:{&quot;unit&quot;:&quot;px&quot;,&quot;size&quot;:35,&quot;sizes&quot;:[]},&quot;classic_row_gap_widescreen&quot;:{&quot;unit&quot;:&quot;px&quot;,&quot;size&quot;:&quot;&quot;,&quot;sizes&quot;:[]},&quot;classic_row_gap_laptop&quot;:{&quot;unit&quot;:&quot;px&quot;,&quot;size&quot;:&quot;&quot;,&quot;sizes&quot;:[]},&quot;classic_row_gap_tablet&quot;:{&quot;unit&quot;:&quot;px&quot;,&quot;size&quot;:&quot;&quot;,&quot;sizes&quot;:[]},&quot;classic_row_gap_mobile&quot;:{&quot;unit&quot;:&quot;px&quot;,&quot;size&quot;:&quot;&quot;,&quot;sizes&quot;:[]}}\" data-widget_type=\"posts.classic\">\n\t\t\t\t<div class=\"elementor-widget-container\">\n\t\t\t\t\t\t\t<div class=\"elementor-posts-container elementor-posts elementor-posts--skin-classic elementor-grid\" role=\"list\">\n\t\t\t\t<article class=\"elementor-post elementor-grid-item post-5344 post type-post status-publish format-standard has-post-thumbnail hentry category-sem-categoria\" role=\"listitem\">\n\t\t\t\t<a class=\"elementor-post__thumbnail__link\" href=\"https:\/\/wa.losdemarketing.com\/pt-br\/a-cultura-organizacional-como-pilar-fundamental-para-a-implementacao-do-sop\/\" tabindex=\"-1\" >\n\t\t\t<div class=\"elementor-post__thumbnail\"><img decoding=\"async\" width=\"512\" height=\"385\" src=\"https:\/\/wa.losdemarketing.com\/wp-content\/uploads\/2025\/11\/SOP-1.jpeg\" class=\"attachment-1536x1536 size-1536x1536 wp-image-5345\" alt=\"A Cultura Organizacional como Pilar Fundamental para a Implementa\u00e7\u00e3o do S&amp;OP\" srcset=\"https:\/\/wa.losdemarketing.com\/wp-content\/uploads\/2025\/11\/SOP-1.jpeg 512w, https:\/\/wa.losdemarketing.com\/wp-content\/uploads\/2025\/11\/SOP-1-300x226.jpeg 300w\" sizes=\"(max-width: 512px) 100vw, 512px\" \/><\/div>\n\t\t<\/a>\n\t\t\t\t<div class=\"elementor-post__text\">\n\t\t\t\t<h3 class=\"elementor-post__title\">\n\t\t\t<a href=\"https:\/\/wa.losdemarketing.com\/pt-br\/a-cultura-organizacional-como-pilar-fundamental-para-a-implementacao-do-sop\/\" >\n\t\t\t\tA Cultura Organizacional como Pilar Fundamental para a Implementa\u00e7\u00e3o do S&amp;OP\t\t\t<\/a>\n\t\t<\/h3>\n\t\t\t\t<div class=\"elementor-post__meta-data\">\n\t\t\t\t\t<span class=\"elementor-post-date\">\n\t\t\t19 novembro, 2025\t\t<\/span>\n\t\t\t\t<\/div>\n\t\t\t\t<div class=\"elementor-post__excerpt\">\n\t\t\t<p>1. Introdu\u00e7\u00e3o ao S&amp;OP O Planejamento de Vendas e Opera\u00e7\u00f5es (S&amp;OP, por sua sigla em ingl\u00eas) \u00e9 um processo administrativo t\u00e1tico e estrat\u00e9gico que se tornou uma ferramenta essencial para as empresas modernas. Seu objetivo principal \u00e9 conectar a estrat\u00e9gia com a execu\u00e7\u00e3o, criando uma ponte entre os planos de longo prazo e as opera\u00e7\u00f5es di\u00e1rias. O S&amp;OP \u00e9 um processo multifuncional, colaborativo e solid\u00e1rio que opera em ciclos mensais, com uma vis\u00e3o de longo prazo de 18 a 24<\/p>\n\t\t<\/div>\n\t\t\n\t\t<a class=\"elementor-post__read-more\" href=\"https:\/\/wa.losdemarketing.com\/pt-br\/a-cultura-organizacional-como-pilar-fundamental-para-a-implementacao-do-sop\/\" aria-label=\"Leia mais sobre A Cultura Organizacional como Pilar Fundamental para a Implementa\u00e7\u00e3o do S&amp;OP\" tabindex=\"-1\" >\n\t\t\tLeia mais\t\t<\/a>\n\n\t\t\t\t<\/div>\n\t\t\t\t<\/article>\n\t\t\t\t<\/div>\n\t\t\n\t\t\t\t\t\t<\/div>\n\t\t\t\t<\/div>\n\t\t\t\t<\/div>\n\t\t\t\t<\/div>\n\t\t<div class=\"elementor-element elementor-element-10523d3c e-con-full e-flex elementor-invisible e-con e-parent\" data-id=\"10523d3c\" data-element_type=\"container\" data-settings=\"{&quot;animation&quot;:&quot;fadeInUp&quot;}\">\n\t\t\t\t<div class=\"elementor-element elementor-element-67ba5607 elementor-widget__width-initial elementor-widget-divider--view-line elementor-widget elementor-widget-divider\" data-id=\"67ba5607\" data-element_type=\"widget\" data-widget_type=\"divider.default\">\n\t\t\t\t\t\t\t<div class=\"elementor-divider\">\n\t\t\t<span class=\"elementor-divider-separator\">\n\t\t\t\t\t\t<\/span>\n\t\t<\/div>\n\t\t\t\t\t\t<\/div>\n\t\t\t\t<div class=\"elementor-element elementor-element-3fc0b52f elementor-widget__width-initial elementor-widget elementor-widget-heading\" data-id=\"3fc0b52f\" data-element_type=\"widget\" data-widget_type=\"heading.default\">\n\t\t\t\t\t<h1 class=\"elementor-heading-title elementor-size-default\">Transforma\u00e7\u00e3o digital<\/h1>\t\t\t\t<\/div>\n\t\t\t\t<div class=\"elementor-element elementor-element-2681cc2a elementor-widget__width-initial elementor-widget-divider--view-line elementor-widget elementor-widget-divider\" data-id=\"2681cc2a\" data-element_type=\"widget\" data-widget_type=\"divider.default\">\n\t\t\t\t\t\t\t<div class=\"elementor-divider\">\n\t\t\t<span class=\"elementor-divider-separator\">\n\t\t\t\t\t\t<\/span>\n\t\t<\/div>\n\t\t\t\t\t\t<\/div>\n\t\t\t\t<\/div>\n\t\t<div class=\"elementor-element elementor-element-5e36f12f e-flex e-con-boxed e-con e-parent\" data-id=\"5e36f12f\" data-element_type=\"container\">\n\t\t\t\t\t<div class=\"e-con-inner\">\n\t\t\t\t<div class=\"elementor-element elementor-element-6061fee5 elementor-posts__hover-none hover_on_img elementor-grid-mobile-2 elementor-grid-3 elementor-grid-tablet-2 elementor-posts--thumbnail-top elementor-invisible elementor-widget elementor-widget-posts\" data-id=\"6061fee5\" data-element_type=\"widget\" data-settings=\"{&quot;cards_row_gap&quot;:{&quot;unit&quot;:&quot;px&quot;,&quot;size&quot;:40,&quot;sizes&quot;:[]},&quot;cards_row_gap_tablet&quot;:{&quot;unit&quot;:&quot;px&quot;,&quot;size&quot;:71,&quot;sizes&quot;:[]},&quot;cards_row_gap_mobile&quot;:{&quot;unit&quot;:&quot;px&quot;,&quot;size&quot;:30,&quot;sizes&quot;:[]},&quot;_animation&quot;:&quot;fadeIn&quot;,&quot;pagination_type&quot;:&quot;numbers_and_prev_next&quot;,&quot;cards_columns_mobile&quot;:&quot;2&quot;,&quot;cards_columns&quot;:&quot;3&quot;,&quot;cards_columns_tablet&quot;:&quot;2&quot;,&quot;cards_row_gap_widescreen&quot;:{&quot;unit&quot;:&quot;px&quot;,&quot;size&quot;:&quot;&quot;,&quot;sizes&quot;:[]},&quot;cards_row_gap_laptop&quot;:{&quot;unit&quot;:&quot;px&quot;,&quot;size&quot;:&quot;&quot;,&quot;sizes&quot;:[]}}\" data-widget_type=\"posts.cards\">\n\t\t\t\t<div class=\"elementor-widget-container\">\n\t\t\t\t\t\t\t<div class=\"elementor-posts-container elementor-posts elementor-posts--skin-cards elementor-grid\" role=\"list\">\n\t\t\t\t<article class=\"elementor-post elementor-grid-item post-4716 post type-post status-publish format-standard has-post-thumbnail hentry category-sem-categoria\" role=\"listitem\">\n\t\t\t<div class=\"elementor-post__card\">\n\t\t\t\t<a class=\"elementor-post__thumbnail__link\" href=\"https:\/\/wa.losdemarketing.com\/pt-br\/meus-aprendizados-implementando-modelos-de-planejamento-guiados-pela-demanda\/\" tabindex=\"-1\" ><div class=\"elementor-post__thumbnail\"><img decoding=\"async\" width=\"2048\" height=\"931\" src=\"https:\/\/wa.losdemarketing.com\/wp-content\/uploads\/2025\/11\/WA-Solutions-2021-277-scaled-e1668363725194-2048x931-1.jpg\" class=\"attachment-full size-full wp-image-4718\" alt=\"Meus aprendizados implementando modelos de planejamento guiados pela demanda\" srcset=\"https:\/\/wa.losdemarketing.com\/wp-content\/uploads\/2025\/11\/WA-Solutions-2021-277-scaled-e1668363725194-2048x931-1.jpg 2048w, https:\/\/wa.losdemarketing.com\/wp-content\/uploads\/2025\/11\/WA-Solutions-2021-277-scaled-e1668363725194-2048x931-1-300x136.jpg 300w, https:\/\/wa.losdemarketing.com\/wp-content\/uploads\/2025\/11\/WA-Solutions-2021-277-scaled-e1668363725194-2048x931-1-1024x466.jpg 1024w, https:\/\/wa.losdemarketing.com\/wp-content\/uploads\/2025\/11\/WA-Solutions-2021-277-scaled-e1668363725194-2048x931-1-768x349.jpg 768w, https:\/\/wa.losdemarketing.com\/wp-content\/uploads\/2025\/11\/WA-Solutions-2021-277-scaled-e1668363725194-2048x931-1-1536x698.jpg 1536w\" sizes=\"(max-width: 2048px) 100vw, 2048px\" \/><\/div><\/a>\n\t\t\t\t<div class=\"elementor-post__text\">\n\t\t\t\t<h4 class=\"elementor-post__title\">\n\t\t\t<a href=\"https:\/\/wa.losdemarketing.com\/pt-br\/meus-aprendizados-implementando-modelos-de-planejamento-guiados-pela-demanda\/\" >\n\t\t\t\tMeus aprendizados implementando modelos de planejamento orientado pela demanda\t\t\t<\/a>\n\t\t<\/h4>\n\t\t\t\t<div class=\"elementor-post__excerpt\">\n\t\t\t<p>Este post \u00e9 um resumo muito pessoal sobre os aprendizados nas implementa\u00e7\u00f5es nos meus 20<\/p>\n\t\t<\/div>\n\t\t\t\t\t<div class=\"elementor-post__read-more-wrapper\">\n\t\t\n\t\t<a class=\"elementor-post__read-more\" href=\"https:\/\/wa.losdemarketing.com\/pt-br\/meus-aprendizados-implementando-modelos-de-planejamento-guiados-pela-demanda\/\" aria-label=\"Leia mais sobre Meus aprendizados implementando modelos de planejamento orientado pela demanda\" tabindex=\"-1\" >\n\t\t\tLeia mais\t\t<\/a>\n\n\t\t\t\t\t<\/div>\n\t\t\t\t<\/div>\n\t\t\t\t<div class=\"elementor-post__meta-data\">\n\t\t\t\t\t<span class=\"elementor-post-date\">\n\t\t\t19 novembro, 2025\t\t<\/span>\n\t\t\t\t<\/div>\n\t\t\t\t\t<\/div>\n\t\t<\/article>\n\t\t\t\t<article class=\"elementor-post elementor-grid-item post-5231 post type-post status-publish format-standard has-post-thumbnail hentry category-sem-categoria\" role=\"listitem\">\n\t\t\t<div class=\"elementor-post__card\">\n\t\t\t\t<a class=\"elementor-post__thumbnail__link\" href=\"https:\/\/wa.losdemarketing.com\/pt-br\/a-importancia-de-ter-um-portfolio-eficiente\/\" tabindex=\"-1\" ><div class=\"elementor-post__thumbnail\"><img loading=\"lazy\" decoding=\"async\" width=\"2048\" height=\"1365\" src=\"https:\/\/wa.losdemarketing.com\/wp-content\/uploads\/2025\/11\/shutterstock_404623861-2048x1365-1.jpeg\" class=\"attachment-full size-full wp-image-5232\" alt=\"A Import\u00e2ncia de Ter um Portf\u00f3lio Eficiente\" srcset=\"https:\/\/wa.losdemarketing.com\/wp-content\/uploads\/2025\/11\/shutterstock_404623861-2048x1365-1.jpeg 2048w, https:\/\/wa.losdemarketing.com\/wp-content\/uploads\/2025\/11\/shutterstock_404623861-2048x1365-1-300x200.jpeg 300w, https:\/\/wa.losdemarketing.com\/wp-content\/uploads\/2025\/11\/shutterstock_404623861-2048x1365-1-1024x683.jpeg 1024w, https:\/\/wa.losdemarketing.com\/wp-content\/uploads\/2025\/11\/shutterstock_404623861-2048x1365-1-768x512.jpeg 768w, https:\/\/wa.losdemarketing.com\/wp-content\/uploads\/2025\/11\/shutterstock_404623861-2048x1365-1-1536x1024.jpeg 1536w\" sizes=\"(max-width: 2048px) 100vw, 2048px\" \/><\/div><\/a>\n\t\t\t\t<div class=\"elementor-post__text\">\n\t\t\t\t<h4 class=\"elementor-post__title\">\n\t\t\t<a href=\"https:\/\/wa.losdemarketing.com\/pt-br\/a-importancia-de-ter-um-portfolio-eficiente\/\" >\n\t\t\t\tA Import\u00e2ncia de Ter um Portf\u00f3lio Eficiente\t\t\t<\/a>\n\t\t<\/h4>\n\t\t\t\t<div class=\"elementor-post__excerpt\">\n\t\t\t<p>Durante anos, as empresas romantizaram a inova\u00e7\u00e3o como motor de crescimento e diferencia\u00e7\u00e3o, interpretando mal<\/p>\n\t\t<\/div>\n\t\t\t\t\t<div class=\"elementor-post__read-more-wrapper\">\n\t\t\n\t\t<a class=\"elementor-post__read-more\" href=\"https:\/\/wa.losdemarketing.com\/pt-br\/a-importancia-de-ter-um-portfolio-eficiente\/\" aria-label=\"Leia mais sobre A Import\u00e2ncia de Ter um Portf\u00f3lio Eficiente\" tabindex=\"-1\" >\n\t\t\tLeia mais\t\t<\/a>\n\n\t\t\t\t\t<\/div>\n\t\t\t\t<\/div>\n\t\t\t\t<div class=\"elementor-post__meta-data\">\n\t\t\t\t\t<span class=\"elementor-post-date\">\n\t\t\t19 novembro, 2025\t\t<\/span>\n\t\t\t\t<\/div>\n\t\t\t\t\t<\/div>\n\t\t<\/article>\n\t\t\t\t<article class=\"elementor-post elementor-grid-item post-5149 post type-post status-publish format-standard has-post-thumbnail hentry category-sem-categoria\" role=\"listitem\">\n\t\t\t<div class=\"elementor-post__card\">\n\t\t\t\t<a class=\"elementor-post__thumbnail__link\" href=\"https:\/\/wa.losdemarketing.com\/pt-br\/o-varejo-esta-desacelerando\/\" tabindex=\"-1\" ><div class=\"elementor-post__thumbnail\"><img loading=\"lazy\" decoding=\"async\" width=\"2048\" height=\"1365\" src=\"https:\/\/wa.losdemarketing.com\/wp-content\/uploads\/2025\/11\/shutterstock_1360347566-2048x1365-1.jpeg\" class=\"attachment-full size-full wp-image-5150\" alt=\"O varejo est\u00e1 desacelerando?\" srcset=\"https:\/\/wa.losdemarketing.com\/wp-content\/uploads\/2025\/11\/shutterstock_1360347566-2048x1365-1.jpeg 2048w, https:\/\/wa.losdemarketing.com\/wp-content\/uploads\/2025\/11\/shutterstock_1360347566-2048x1365-1-300x200.jpeg 300w, https:\/\/wa.losdemarketing.com\/wp-content\/uploads\/2025\/11\/shutterstock_1360347566-2048x1365-1-1024x683.jpeg 1024w, https:\/\/wa.losdemarketing.com\/wp-content\/uploads\/2025\/11\/shutterstock_1360347566-2048x1365-1-768x512.jpeg 768w, https:\/\/wa.losdemarketing.com\/wp-content\/uploads\/2025\/11\/shutterstock_1360347566-2048x1365-1-1536x1024.jpeg 1536w\" sizes=\"(max-width: 2048px) 100vw, 2048px\" \/><\/div><\/a>\n\t\t\t\t<div class=\"elementor-post__text\">\n\t\t\t\t<h4 class=\"elementor-post__title\">\n\t\t\t<a href=\"https:\/\/wa.losdemarketing.com\/pt-br\/o-varejo-esta-desacelerando\/\" >\n\t\t\t\tO varejo est\u00e1 desacelerando?\t\t\t<\/a>\n\t\t<\/h4>\n\t\t\t\t<div class=\"elementor-post__excerpt\">\n\t\t\t<p>Hoje, compartilhamos dois artigos relacionados ao planejamento no varejo. Em ambos, observa-se como os varejistas<\/p>\n\t\t<\/div>\n\t\t\t\t\t<div class=\"elementor-post__read-more-wrapper\">\n\t\t\n\t\t<a class=\"elementor-post__read-more\" href=\"https:\/\/wa.losdemarketing.com\/pt-br\/o-varejo-esta-desacelerando\/\" aria-label=\"Leia mais sobre O varejo est\u00e1 desacelerando?\" tabindex=\"-1\" >\n\t\t\tLeia mais\t\t<\/a>\n\n\t\t\t\t\t<\/div>\n\t\t\t\t<\/div>\n\t\t\t\t<div class=\"elementor-post__meta-data\">\n\t\t\t\t\t<span class=\"elementor-post-date\">\n\t\t\t19 novembro, 2025\t\t<\/span>\n\t\t\t\t<\/div>\n\t\t\t\t\t<\/div>\n\t\t<\/article>\n\t\t\t\t<article class=\"elementor-post elementor-grid-item post-4668 post type-post status-publish format-standard has-post-thumbnail hentry category-sem-categoria\" role=\"listitem\">\n\t\t\t<div class=\"elementor-post__card\">\n\t\t\t\t<a class=\"elementor-post__thumbnail__link\" href=\"https:\/\/wa.losdemarketing.com\/pt-br\/seis-recomendacoes-para-o-lider-adaptativo\/\" tabindex=\"-1\" ><div class=\"elementor-post__thumbnail\"><img loading=\"lazy\" decoding=\"async\" width=\"1200\" height=\"675\" src=\"https:\/\/wa.losdemarketing.com\/wp-content\/uploads\/2025\/11\/Apr21_24_922853094-3.jpeg\" class=\"attachment-full size-full wp-image-4669\" alt=\"Seis Recomenda\u00e7\u00f5es para o L\u00edder Adaptativo\" srcset=\"https:\/\/wa.losdemarketing.com\/wp-content\/uploads\/2025\/11\/Apr21_24_922853094-3.jpeg 1200w, https:\/\/wa.losdemarketing.com\/wp-content\/uploads\/2025\/11\/Apr21_24_922853094-3-300x169.jpeg 300w, https:\/\/wa.losdemarketing.com\/wp-content\/uploads\/2025\/11\/Apr21_24_922853094-3-1024x576.jpeg 1024w, https:\/\/wa.losdemarketing.com\/wp-content\/uploads\/2025\/11\/Apr21_24_922853094-3-768x432.jpeg 768w\" sizes=\"(max-width: 1200px) 100vw, 1200px\" \/><\/div><\/a>\n\t\t\t\t<div class=\"elementor-post__text\">\n\t\t\t\t<h4 class=\"elementor-post__title\">\n\t\t\t<a href=\"https:\/\/wa.losdemarketing.com\/pt-br\/seis-recomendacoes-para-o-lider-adaptativo\/\" >\n\t\t\t\tSeis Recomenda\u00e7\u00f5es para o L\u00edder Adaptativo\t\t\t<\/a>\n\t\t<\/h4>\n\t\t\t\t<div class=\"elementor-post__excerpt\">\n\t\t\t<p>Compartilhamos estas 6 recomenda\u00e7\u00f5es para os l\u00edderes no mundo VUCA (Vol\u00e1til, Incerto, Complexo e Amb\u00edguo).<\/p>\n\t\t<\/div>\n\t\t\t\t\t<div class=\"elementor-post__read-more-wrapper\">\n\t\t\n\t\t<a class=\"elementor-post__read-more\" href=\"https:\/\/wa.losdemarketing.com\/pt-br\/seis-recomendacoes-para-o-lider-adaptativo\/\" aria-label=\"Leia mais sobre Seis Recomenda\u00e7\u00f5es para o L\u00edder Adaptativo\" tabindex=\"-1\" >\n\t\t\tLeia mais\t\t<\/a>\n\n\t\t\t\t\t<\/div>\n\t\t\t\t<\/div>\n\t\t\t\t<div class=\"elementor-post__meta-data\">\n\t\t\t\t\t<span class=\"elementor-post-date\">\n\t\t\t19 novembro, 2025\t\t<\/span>\n\t\t\t\t<\/div>\n\t\t\t\t\t<\/div>\n\t\t<\/article>\n\t\t\t\t<article class=\"elementor-post elementor-grid-item post-5061 post type-post status-publish format-standard has-post-thumbnail hentry category-sem-categoria\" role=\"listitem\">\n\t\t\t<div class=\"elementor-post__card\">\n\t\t\t\t<a class=\"elementor-post__thumbnail__link\" href=\"https:\/\/wa.losdemarketing.com\/pt-br\/como-reduzir-as-faltas-de-estoque-e-otimizar-o-inventario-usando-a-metodologia-ddmrp-em-ambientes-de-varejo\/\" tabindex=\"-1\" ><div class=\"elementor-post__thumbnail\"><img loading=\"lazy\" decoding=\"async\" width=\"2048\" height=\"1365\" src=\"https:\/\/wa.losdemarketing.com\/wp-content\/uploads\/2025\/11\/shutterstock_558968941-2048x1365-1.jpeg\" class=\"attachment-full size-full wp-image-5062\" alt=\"Como reduzir as faltas de estoque e otimizar o invent\u00e1rio usando a metodologia DDMRP em ambientes de Varejo\" srcset=\"https:\/\/wa.losdemarketing.com\/wp-content\/uploads\/2025\/11\/shutterstock_558968941-2048x1365-1.jpeg 2048w, https:\/\/wa.losdemarketing.com\/wp-content\/uploads\/2025\/11\/shutterstock_558968941-2048x1365-1-300x200.jpeg 300w, https:\/\/wa.losdemarketing.com\/wp-content\/uploads\/2025\/11\/shutterstock_558968941-2048x1365-1-1024x683.jpeg 1024w, https:\/\/wa.losdemarketing.com\/wp-content\/uploads\/2025\/11\/shutterstock_558968941-2048x1365-1-768x512.jpeg 768w, https:\/\/wa.losdemarketing.com\/wp-content\/uploads\/2025\/11\/shutterstock_558968941-2048x1365-1-1536x1024.jpeg 1536w\" sizes=\"(max-width: 2048px) 100vw, 2048px\" \/><\/div><\/a>\n\t\t\t\t<div class=\"elementor-post__text\">\n\t\t\t\t<h4 class=\"elementor-post__title\">\n\t\t\t<a href=\"https:\/\/wa.losdemarketing.com\/pt-br\/como-reduzir-as-faltas-de-estoque-e-otimizar-o-inventario-usando-a-metodologia-ddmrp-em-ambientes-de-varejo\/\" >\n\t\t\t\tComo reduzir as faltas de estoque e otimizar o invent\u00e1rio usando a metodologia DDMRP em ambientes de Varejo\t\t\t<\/a>\n\t\t<\/h4>\n\t\t\t\t<div class=\"elementor-post__excerpt\">\n\t\t\t<p>A frase do t\u00edtulo parece uma utopia, como fazemos para reduzir as faltas de estoque<\/p>\n\t\t<\/div>\n\t\t\t\t\t<div class=\"elementor-post__read-more-wrapper\">\n\t\t\n\t\t<a class=\"elementor-post__read-more\" href=\"https:\/\/wa.losdemarketing.com\/pt-br\/como-reduzir-as-faltas-de-estoque-e-otimizar-o-inventario-usando-a-metodologia-ddmrp-em-ambientes-de-varejo\/\" aria-label=\"Leia mais sobre Como reduzir as faltas de estoque e otimizar o invent\u00e1rio usando a metodologia DDMRP em ambientes de Varejo\" tabindex=\"-1\" >\n\t\t\tLeia mais\t\t<\/a>\n\n\t\t\t\t\t<\/div>\n\t\t\t\t<\/div>\n\t\t\t\t<div class=\"elementor-post__meta-data\">\n\t\t\t\t\t<span class=\"elementor-post-date\">\n\t\t\t19 novembro, 2025\t\t<\/span>\n\t\t\t\t<\/div>\n\t\t\t\t\t<\/div>\n\t\t<\/article>\n\t\t\t\t<article class=\"elementor-post elementor-grid-item post-4727 post type-post status-publish format-standard has-post-thumbnail hentry category-sem-categoria\" role=\"listitem\">\n\t\t\t<div class=\"elementor-post__card\">\n\t\t\t\t<a class=\"elementor-post__thumbnail__link\" href=\"https:\/\/wa.losdemarketing.com\/pt-br\/o-que-e-planejamento-da-demanda\/\" tabindex=\"-1\" ><div class=\"elementor-post__thumbnail\"><img loading=\"lazy\" decoding=\"async\" width=\"2048\" height=\"1147\" src=\"https:\/\/wa.losdemarketing.com\/wp-content\/uploads\/2025\/11\/shutterstock_334615484-2048x1147-1.jpeg\" class=\"attachment-full size-full wp-image-4728\" alt=\"O que \u00e9 Planejamento da Demanda?\" srcset=\"https:\/\/wa.losdemarketing.com\/wp-content\/uploads\/2025\/11\/shutterstock_334615484-2048x1147-1.jpeg 2048w, https:\/\/wa.losdemarketing.com\/wp-content\/uploads\/2025\/11\/shutterstock_334615484-2048x1147-1-300x168.jpeg 300w, https:\/\/wa.losdemarketing.com\/wp-content\/uploads\/2025\/11\/shutterstock_334615484-2048x1147-1-1024x574.jpeg 1024w, https:\/\/wa.losdemarketing.com\/wp-content\/uploads\/2025\/11\/shutterstock_334615484-2048x1147-1-768x430.jpeg 768w, https:\/\/wa.losdemarketing.com\/wp-content\/uploads\/2025\/11\/shutterstock_334615484-2048x1147-1-1536x860.jpeg 1536w\" sizes=\"(max-width: 2048px) 100vw, 2048px\" \/><\/div><\/a>\n\t\t\t\t<div class=\"elementor-post__text\">\n\t\t\t\t<h4 class=\"elementor-post__title\">\n\t\t\t<a href=\"https:\/\/wa.losdemarketing.com\/pt-br\/o-que-e-planejamento-da-demanda\/\" >\n\t\t\t\tO que \u00e9 Planejamento da Demanda?\t\t\t<\/a>\n\t\t<\/h4>\n\t\t\t\t<div class=\"elementor-post__excerpt\">\n\t\t\t<p>O Planejamento da Demanda \u00e9 o processo dentro de um neg\u00f3cio que tem a responsabilidade<\/p>\n\t\t<\/div>\n\t\t\t\t\t<div class=\"elementor-post__read-more-wrapper\">\n\t\t\n\t\t<a class=\"elementor-post__read-more\" href=\"https:\/\/wa.losdemarketing.com\/pt-br\/o-que-e-planejamento-da-demanda\/\" aria-label=\"Leia mais sobre O que \u00e9 Planejamento da Demanda?\" tabindex=\"-1\" >\n\t\t\tLeia mais\t\t<\/a>\n\n\t\t\t\t\t<\/div>\n\t\t\t\t<\/div>\n\t\t\t\t<div class=\"elementor-post__meta-data\">\n\t\t\t\t\t<span class=\"elementor-post-date\">\n\t\t\t19 novembro, 2025\t\t<\/span>\n\t\t\t\t<\/div>\n\t\t\t\t\t<\/div>\n\t\t<\/article>\n\t\t\t\t<\/div>\n\t\t\n\t\t\t\t<div class=\"e-load-more-anchor\" data-page=\"1\" data-max-page=\"2\" data-next-page=\"https:\/\/wa.losdemarketing.com\/pt-br\/wp-json\/wp\/v2\/pages\/4966\/page\/2\/\"><\/div>\n\t\t\t\t<nav class=\"elementor-pagination\" aria-label=\"Pagina\u00e7\u00e3o\">\n\t\t\t<span class=\"page-numbers prev\">\u00ab<\/span>\n<span aria-current=\"page\" class=\"page-numbers current\"><span class=\"elementor-screen-only\">P\u00e1gina<\/span>1<\/span>\n<a class=\"page-numbers\" href=\"https:\/\/wa.losdemarketing.com\/pt-br\/wp-json\/wp\/v2\/pages\/4966\/page\/2\/\"><span class=\"elementor-screen-only\">P\u00e1gina<\/span>2<\/a>\n<a class=\"page-numbers next\" href=\"https:\/\/wa.losdemarketing.com\/pt-br\/wp-json\/wp\/v2\/pages\/4966\/page\/2\/\">\u00bb<\/a>\t\t<\/nav>\n\t\t\t\t\t\t<\/div>\n\t\t\t\t<\/div>\n\t\t\t\t<div class=\"elementor-element elementor-element-1e79e117 elementor-widget elementor-widget-html\" data-id=\"1e79e117\" data-element_type=\"widget\" data-widget_type=\"html.default\">\n\t\t\t\t\t<script>document.addEventListener(\"DOMContentLoaded\", (event) => {\n    let all_excerpt = document.querySelectorAll(\".elementor-widget-posts .elementor-post__excerpt p\");\n    \n\n    \n    all_excerpt.forEach(text_nd => {\n       const etc = document.createTextNode(\"...\");\n       text_nd.appendChild(etc);\n    });\n});\n\n<\/script>\t\t\t\t<\/div>\n\t\t\t\t\t<\/div>\n\t\t\t\t<\/div>\n\t\t\t\t<\/div>\n\t\t","protected":false},"excerpt":{"rendered":"<p>Blog Atualidade: Transforma\u00e7\u00e3o digital<\/p>\n","protected":false},"author":1,"featured_media":0,"parent":0,"menu_order":0,"comment_status":"closed","ping_status":"closed","template":"","meta":{"footnotes":""},"class_list":["post-4966","page","type-page","status-publish","hentry"],"_links":{"self":[{"href":"https:\/\/wa.losdemarketing.com\/pt-br\/wp-json\/wp\/v2\/pages\/4966","targetHints":{"allow":["GET"]}}],"collection":[{"href":"https:\/\/wa.losdemarketing.com\/pt-br\/wp-json\/wp\/v2\/pages"}],"about":[{"href":"https:\/\/wa.losdemarketing.com\/pt-br\/wp-json\/wp\/v2\/types\/page"}],"author":[{"embeddable":true,"href":"https:\/\/wa.losdemarketing.com\/pt-br\/wp-json\/wp\/v2\/users\/1"}],"replies":[{"embeddable":true,"href":"https:\/\/wa.losdemarketing.com\/pt-br\/wp-json\/wp\/v2\/comments?post=4966"}],"version-history":[{"count":1,"href":"https:\/\/wa.losdemarketing.com\/pt-br\/wp-json\/wp\/v2\/pages\/4966\/revisions"}],"predecessor-version":[{"id":4969,"href":"https:\/\/wa.losdemarketing.com\/pt-br\/wp-json\/wp\/v2\/pages\/4966\/revisions\/4969"}],"wp:attachment":[{"href":"https:\/\/wa.losdemarketing.com\/pt-br\/wp-json\/wp\/v2\/media?parent=4966"}],"curies":[{"name":"wp","href":"https:\/\/api.w.org\/{rel}","templated":true}]}}