{"id":4706,"date":"2025-11-19T11:12:40","date_gmt":"2025-11-19T16:12:40","guid":{"rendered":"https:\/\/wa.losdemarketing.com\/educacao\/"},"modified":"2025-12-04T09:10:40","modified_gmt":"2025-12-04T14:10:40","slug":"educacao","status":"publish","type":"page","link":"https:\/\/wa.losdemarketing.com\/pt-br\/educacao\/","title":{"rendered":"Educa\u00e7\u00e3o"},"content":{"rendered":"\t\t<div data-elementor-type=\"wp-page\" data-elementor-id=\"4706\" class=\"elementor elementor-4706 elementor-2835\" data-elementor-post-type=\"page\">\n\t\t\t\t<div class=\"elementor-element elementor-element-8a87b16 e-con-full e-flex e-con e-parent\" data-id=\"8a87b16\" data-element_type=\"container\">\n\t\t\t\t<div class=\"elementor-element elementor-element-f3e816e elementor-widget elementor-widget-image\" data-id=\"f3e816e\" data-element_type=\"widget\" data-widget_type=\"image.default\">\n\t\t\t\t\t\t\t\t\t\t\t\t\t\t\t<img fetchpriority=\"high\" decoding=\"async\" width=\"2048\" height=\"912\" src=\"https:\/\/wa.losdemarketing.com\/wp-content\/uploads\/2025\/11\/hombre-usando-computadora-portatil-en-su-oficina-hombre-usando-laptop-en-su-oficina-shallow-dof-desarrollado-partir-de-raw-2048x912.webp\" class=\"attachment-2048x2048 size-2048x2048 wp-image-4709\" alt=\"\" srcset=\"https:\/\/wa.losdemarketing.com\/wp-content\/uploads\/2025\/11\/hombre-usando-computadora-portatil-en-su-oficina-hombre-usando-laptop-en-su-oficina-shallow-dof-desarrollado-partir-de-raw-2048x912.webp 2048w, https:\/\/wa.losdemarketing.com\/wp-content\/uploads\/2025\/11\/hombre-usando-computadora-portatil-en-su-oficina-hombre-usando-laptop-en-su-oficina-shallow-dof-desarrollado-partir-de-raw-300x134.webp 300w, https:\/\/wa.losdemarketing.com\/wp-content\/uploads\/2025\/11\/hombre-usando-computadora-portatil-en-su-oficina-hombre-usando-laptop-en-su-oficina-shallow-dof-desarrollado-partir-de-raw-1024x456.webp 1024w, https:\/\/wa.losdemarketing.com\/wp-content\/uploads\/2025\/11\/hombre-usando-computadora-portatil-en-su-oficina-hombre-usando-laptop-en-su-oficina-shallow-dof-desarrollado-partir-de-raw-768x342.webp 768w, https:\/\/wa.losdemarketing.com\/wp-content\/uploads\/2025\/11\/hombre-usando-computadora-portatil-en-su-oficina-hombre-usando-laptop-en-su-oficina-shallow-dof-desarrollado-partir-de-raw-1536x684.webp 1536w\" sizes=\"(max-width: 2048px) 100vw, 2048px\" \/>\t\t\t\t\t\t\t\t\t\t\t\t\t\t\t<\/div>\n\t\t\t\t<div class=\"elementor-element elementor-element-875bbe2 elementor-absolute center-title elementor-invisible elementor-widget elementor-widget-heading\" data-id=\"875bbe2\" data-element_type=\"widget\" data-settings=\"{&quot;_position&quot;:&quot;absolute&quot;,&quot;_animation&quot;:&quot;fadeInLeft&quot;}\" data-widget_type=\"heading.default\">\n\t\t\t\t\t<h1 class=\"elementor-heading-title elementor-size-default\">Educa\u00e7\u00e3o<\/h1>\t\t\t\t<\/div>\n\t\t\t\t<\/div>\n\t\t<div class=\"elementor-element elementor-element-3ef7620 e-con-full e-flex e-con e-parent\" data-id=\"3ef7620\" data-element_type=\"container\">\n\t\t<div class=\"elementor-element elementor-element-7b847e9 e-con-full e-flex e-con e-child\" data-id=\"7b847e9\" data-element_type=\"container\">\n\t\t\t\t<div class=\"elementor-element elementor-element-65bbf1d animated-slow elementor-invisible elementor-widget elementor-widget-text-editor\" data-id=\"65bbf1d\" data-element_type=\"widget\" data-settings=\"{&quot;_animation&quot;:&quot;fadeIn&quot;}\" data-widget_type=\"text-editor.default\">\n\t\t\t\t\t\t\t\t\t<p>Potencialize suas capacidades e as de sua equipe com treinamentos projetados para compreender melhor sua opera\u00e7\u00e3o, antecipar a demanda e tomar decis\u00f5es mais seguras. Por meio de aulas pr\u00e1ticas e guiadas por especialistas, voc\u00ea aprender\u00e1 a dominar as metodologias e ferramentas que transformam a maneira como voc\u00ea planeja, opera e lidera sua cadeia de suprimentos.<\/p>\t\t\t\t\t\t\t\t<\/div>\n\t\t\t\t<\/div>\n\t\t\t\t<\/div>\n\t\t<div class=\"elementor-element elementor-element-7b94b01 e-grid e-con-full e-con e-parent\" data-id=\"7b94b01\" data-element_type=\"container\">\n\t\t<div class=\"elementor-element elementor-element-889b1f8 elq e-flex e-con-boxed e-con e-child\" data-id=\"889b1f8\" data-element_type=\"container\">\n\t\t\t\t\t<div class=\"e-con-inner\">\n\t\t<div class=\"elementor-element elementor-element-8d5997d e-con-full e-flex elementor-invisible e-con e-child\" data-id=\"8d5997d\" data-element_type=\"container\" data-settings=\"{&quot;animation&quot;:&quot;fadeIn&quot;}\">\n\t\t<div class=\"elementor-element elementor-element-c20dfce e-con-full e-flex e-con e-child\" data-id=\"c20dfce\" data-element_type=\"container\">\n\t\t\t\t<div class=\"elementor-element elementor-element-b84d902 elementor-widget elementor-widget-image\" data-id=\"b84d902\" data-element_type=\"widget\" data-widget_type=\"image.default\">\n\t\t\t\t\t\t\t\t\t\t\t\t\t\t\t<img decoding=\"async\" width=\"800\" height=\"532\" src=\"https:\/\/wa.losdemarketing.com\/wp-content\/uploads\/2025\/11\/hombre-en-equipo-de-seguridad-en-el-trabajo-1024x681.webp\" class=\"attachment-large size-large wp-image-4711\" alt=\"\" srcset=\"https:\/\/wa.losdemarketing.com\/wp-content\/uploads\/2025\/11\/hombre-en-equipo-de-seguridad-en-el-trabajo-1024x681.webp 1024w, https:\/\/wa.losdemarketing.com\/wp-content\/uploads\/2025\/11\/hombre-en-equipo-de-seguridad-en-el-trabajo-300x200.webp 300w, https:\/\/wa.losdemarketing.com\/wp-content\/uploads\/2025\/11\/hombre-en-equipo-de-seguridad-en-el-trabajo-768x511.webp 768w, https:\/\/wa.losdemarketing.com\/wp-content\/uploads\/2025\/11\/hombre-en-equipo-de-seguridad-en-el-trabajo-1536x1022.webp 1536w, https:\/\/wa.losdemarketing.com\/wp-content\/uploads\/2025\/11\/hombre-en-equipo-de-seguridad-en-el-trabajo.webp 2000w\" sizes=\"(max-width: 800px) 100vw, 800px\" \/>\t\t\t\t\t\t\t\t\t\t\t\t\t\t\t<\/div>\n\t\t\t\t<div class=\"elementor-element elementor-element-224d971 elementor-absolute elementor-widget elementor-widget-heading\" data-id=\"224d971\" data-element_type=\"widget\" data-settings=\"{&quot;_position&quot;:&quot;absolute&quot;}\" data-widget_type=\"heading.default\">\n\t\t\t\t\t<h4 class=\"elementor-heading-title elementor-size-default\">Demand Driven Planner<\/h4>\t\t\t\t<\/div>\n\t\t\t\t<\/div>\n\t\t\t\t<div class=\"elementor-element elementor-element-d56d3d0 elementor-invisible elementor-widget elementor-widget-text-editor\" data-id=\"d56d3d0\" data-element_type=\"widget\" data-settings=\"{&quot;_animation&quot;:&quot;fadeIn&quot;}\" data-widget_type=\"text-editor.default\">\n\t\t\t\t\t\t\t\t\t<p>\u00c9 um novo modelo de planejamento e opera\u00e7\u00e3o da cadeia de suprimentos projetado para reduzir o impacto da variabilidade da demanda e do fornecimento atrav\u00e9s de buffers estrat\u00e9gicos de estoque, que nos permitem reduzir o invent\u00e1rio e melhorar a disponibilidade do produto. <br>(N\u00edvel operacional)<\/p>\t\t\t\t\t\t\t\t<\/div>\n\t\t\t\t<\/div>\n\t\t\t\t<div class=\"elementor-element elementor-element-ccb074a elementor-widget elementor-widget-heading\" data-id=\"ccb074a\" data-element_type=\"widget\" data-widget_type=\"heading.default\">\n\t\t\t\t\t<h4 class=\"elementor-heading-title elementor-size-default\">Instrutores<\/h4>\t\t\t\t<\/div>\n\t\t\t\t<div class=\"elementor-element elementor-element-866aa6b elementor-widget elementor-widget-text-editor\" data-id=\"866aa6b\" data-element_type=\"widget\" data-widget_type=\"text-editor.default\">\n\t\t\t\t\t\t\t\t\t<div class=\"rb_textmodule_691e30e319013 rb_textmodule with_subtitle\"><div class=\"rb_textmodule_info_wrapper\"><div class=\"rb_textmodule_content_wrapper\"><ul><li>Juan Camilo Trujillo<\/li><li>Gustavo Ben\u00edtez<\/li><\/ul><\/div><\/div><\/div><div id=\"rb_button_wrapper_691e30e319228\" class=\"rb_button_wrapper \">\u00a0<\/div>\t\t\t\t\t\t\t\t<\/div>\n\t\t\t\t<div class=\"elementor-element elementor-element-ba0ec96 elementor-align-left elementor-tablet-align-left elementor-mobile-align-center animated-fast elementor-invisible elementor-widget elementor-widget-button\" data-id=\"ba0ec96\" data-element_type=\"widget\" data-settings=\"{&quot;_animation&quot;:&quot;zoomIn&quot;}\" data-widget_type=\"button.default\">\n\t\t\t\t\t\t\t\t\t\t<a class=\"elementor-button elementor-button-link elementor-size-sm\" href=\"https:\/\/wa.losdemarketing.com\/pt-br\/entre-em-contato-conosco\/\">\n\t\t\t\t\t\t<span class=\"elementor-button-content-wrapper\">\n\t\t\t\t\t\t<span class=\"elementor-button-icon\">\n\t\t\t\t<svg aria-hidden=\"true\" class=\"e-font-icon-svg e-fas-arrow-right\" viewBox=\"0 0 448 512\" xmlns=\"http:\/\/www.w3.org\/2000\/svg\"><path d=\"M190.5 66.9l22.2-22.2c9.4-9.4 24.6-9.4 33.9 0L441 239c9.4 9.4 9.4 24.6 0 33.9L246.6 467.3c-9.4 9.4-24.6 9.4-33.9 0l-22.2-22.2c-9.5-9.5-9.3-25 .4-34.3L311.4 296H24c-13.3 0-24-10.7-24-24v-32c0-13.3 10.7-24 24-24h287.4L190.9 101.2c-9.8-9.3-10-24.8-.4-34.3z\"><\/path><\/svg>\t\t\t<\/span>\n\t\t\t\t\t\t\t\t\t<span class=\"elementor-button-text\">Quero receber informa\u00e7\u00f5es<\/span>\n\t\t\t\t\t<\/span>\n\t\t\t\t\t<\/a>\n\t\t\t\t\t\t\t\t<\/div>\n\t\t\t\t\t<\/div>\n\t\t\t\t<\/div>\n\t\t<div class=\"elementor-element elementor-element-37d9a40 elq e-flex e-con-boxed e-con e-child\" data-id=\"37d9a40\" data-element_type=\"container\">\n\t\t\t\t\t<div class=\"e-con-inner\">\n\t\t<div class=\"elementor-element elementor-element-9235435 e-con-full e-flex elementor-invisible e-con e-child\" data-id=\"9235435\" data-element_type=\"container\" data-settings=\"{&quot;animation&quot;:&quot;fadeIn&quot;}\">\n\t\t<div class=\"elementor-element elementor-element-5d5d27d e-con-full e-flex e-con e-child\" data-id=\"5d5d27d\" data-element_type=\"container\">\n\t\t\t\t<div class=\"elementor-element elementor-element-eac3de9 elementor-widget elementor-widget-image\" data-id=\"eac3de9\" data-element_type=\"widget\" data-widget_type=\"image.default\">\n\t\t\t\t\t\t\t\t\t\t\t\t\t\t\t<img decoding=\"async\" width=\"800\" height=\"534\" src=\"https:\/\/wa.losdemarketing.com\/wp-content\/uploads\/2025\/11\/la-gente-de-negocios-esta-haciendo-una-lluvia-de-ideas-1024x684.webp\" class=\"attachment-large size-large wp-image-4712\" alt=\"\" srcset=\"https:\/\/wa.losdemarketing.com\/wp-content\/uploads\/2025\/11\/la-gente-de-negocios-esta-haciendo-una-lluvia-de-ideas-1024x684.webp 1024w, https:\/\/wa.losdemarketing.com\/wp-content\/uploads\/2025\/11\/la-gente-de-negocios-esta-haciendo-una-lluvia-de-ideas-300x200.webp 300w, https:\/\/wa.losdemarketing.com\/wp-content\/uploads\/2025\/11\/la-gente-de-negocios-esta-haciendo-una-lluvia-de-ideas-768x513.webp 768w, https:\/\/wa.losdemarketing.com\/wp-content\/uploads\/2025\/11\/la-gente-de-negocios-esta-haciendo-una-lluvia-de-ideas-1536x1025.webp 1536w, https:\/\/wa.losdemarketing.com\/wp-content\/uploads\/2025\/11\/la-gente-de-negocios-esta-haciendo-una-lluvia-de-ideas.webp 2000w\" sizes=\"(max-width: 800px) 100vw, 800px\" \/>\t\t\t\t\t\t\t\t\t\t\t\t\t\t\t<\/div>\n\t\t\t\t<div class=\"elementor-element elementor-element-5a8af64 elementor-absolute elementor-widget elementor-widget-heading\" data-id=\"5a8af64\" data-element_type=\"widget\" data-settings=\"{&quot;_position&quot;:&quot;absolute&quot;}\" data-widget_type=\"heading.default\">\n\t\t\t\t\t<h4 class=\"elementor-heading-title elementor-size-default\">Planejamento da demanda<\/h4>\t\t\t\t<\/div>\n\t\t\t\t<\/div>\n\t\t\t\t<div class=\"elementor-element elementor-element-de5128d elementor-invisible elementor-widget elementor-widget-text-editor\" data-id=\"de5128d\" data-element_type=\"widget\" data-settings=\"{&quot;_animation&quot;:&quot;fadeIn&quot;}\" data-widget_type=\"text-editor.default\">\n\t\t\t\t\t\t\t\t\t<p><em>&#8220;Planejar a demanda \u00e9 um processo que mistura ci\u00eancia e arte&#8221;<\/em><\/p><p>Aprender as estrat\u00e9gias necess\u00e1rias para realizar um planejamento e gest\u00e3o \u00f3timos da demanda.<\/p>\t\t\t\t\t\t\t\t<\/div>\n\t\t\t\t<\/div>\n\t\t\t\t<div class=\"elementor-element elementor-element-c6fd468 elementor-widget elementor-widget-heading\" data-id=\"c6fd468\" data-element_type=\"widget\" data-widget_type=\"heading.default\">\n\t\t\t\t\t<h4 class=\"elementor-heading-title elementor-size-default\">Instrutores<\/h4>\t\t\t\t<\/div>\n\t\t\t\t<div class=\"elementor-element elementor-element-a851876 elementor-widget elementor-widget-text-editor\" data-id=\"a851876\" data-element_type=\"widget\" data-widget_type=\"text-editor.default\">\n\t\t\t\t\t\t\t\t\t<div class=\"rb_textmodule_691e30e319013 rb_textmodule with_subtitle\"><div class=\"rb_textmodule_info_wrapper\"><div class=\"rb_textmodule_content_wrapper\"><div class=\"rb_textmodule_691e30e31ba52 rb_textmodule with_subtitle\"><div class=\"rb_textmodule_info_wrapper\"><div class=\"rb_textmodule_content_wrapper\"><ul><li>Juan Camilo Trujillo<\/li><li>Juan David Restrepo<\/li><\/ul><\/div><\/div><\/div><div id=\"rb_button_wrapper_691e30e31bc64\" class=\"rb_button_wrapper \">\u00a0<\/div><\/div><\/div><\/div>\t\t\t\t\t\t\t\t<\/div>\n\t\t\t\t<div class=\"elementor-element elementor-element-e31e1f1 elementor-align-left elementor-tablet-align-left elementor-mobile-align-center animated-fast elementor-invisible elementor-widget elementor-widget-button\" data-id=\"e31e1f1\" data-element_type=\"widget\" data-settings=\"{&quot;_animation&quot;:&quot;zoomIn&quot;}\" data-widget_type=\"button.default\">\n\t\t\t\t\t\t\t\t\t\t<a class=\"elementor-button elementor-button-link elementor-size-sm\" href=\"https:\/\/wa.losdemarketing.com\/pt-br\/entre-em-contato-conosco\/\">\n\t\t\t\t\t\t<span class=\"elementor-button-content-wrapper\">\n\t\t\t\t\t\t<span class=\"elementor-button-icon\">\n\t\t\t\t<svg aria-hidden=\"true\" class=\"e-font-icon-svg e-fas-arrow-right\" viewBox=\"0 0 448 512\" xmlns=\"http:\/\/www.w3.org\/2000\/svg\"><path d=\"M190.5 66.9l22.2-22.2c9.4-9.4 24.6-9.4 33.9 0L441 239c9.4 9.4 9.4 24.6 0 33.9L246.6 467.3c-9.4 9.4-24.6 9.4-33.9 0l-22.2-22.2c-9.5-9.5-9.3-25 .4-34.3L311.4 296H24c-13.3 0-24-10.7-24-24v-32c0-13.3 10.7-24 24-24h287.4L190.9 101.2c-9.8-9.3-10-24.8-.4-34.3z\"><\/path><\/svg>\t\t\t<\/span>\n\t\t\t\t\t\t\t\t\t<span class=\"elementor-button-text\">Quero receber informa\u00e7\u00f5es<\/span>\n\t\t\t\t\t<\/span>\n\t\t\t\t\t<\/a>\n\t\t\t\t\t\t\t\t<\/div>\n\t\t\t\t\t<\/div>\n\t\t\t\t<\/div>\n\t\t<div class=\"elementor-element elementor-element-f918ed9 elq e-flex e-con-boxed e-con e-child\" data-id=\"f918ed9\" data-element_type=\"container\">\n\t\t\t\t\t<div class=\"e-con-inner\">\n\t\t<div class=\"elementor-element elementor-element-3bc7fb5 e-con-full e-flex elementor-invisible e-con e-child\" data-id=\"3bc7fb5\" data-element_type=\"container\" data-settings=\"{&quot;animation&quot;:&quot;fadeIn&quot;}\">\n\t\t\t\t<div class=\"elementor-element elementor-element-6f49732 elementor-invisible elementor-widget elementor-widget-text-editor\" data-id=\"6f49732\" data-element_type=\"widget\" data-settings=\"{&quot;_animation&quot;:&quot;fadeIn&quot;}\" data-widget_type=\"text-editor.default\">\n\t\t\t\t\t\t\t\t\t<p>O qual ensina aos executivos da cadeia de suprimentos a capacidade de projetar, implementar e manter um modelo operacional controlado por demanda (DDOM) que inclui par\u00e2metros atrav\u00e9s do Demand Driven S&amp;OP (DDS&amp;OP), este programa \u00e9 composto por 7 m\u00f3dulos de capacita\u00e7\u00e3o avan\u00e7ada na metodologia e \u00e9 o curso oficial de prepara\u00e7\u00e3o para a certifica\u00e7\u00e3o Demand Driven Professional (DDL) <br>(N\u00edvel t\u00e1tico)<\/p>\t\t\t\t\t\t\t\t<\/div>\n\t\t<div class=\"elementor-element elementor-element-62ff4af e-con-full e-flex e-con e-child\" data-id=\"62ff4af\" data-element_type=\"container\">\n\t\t\t\t<div class=\"elementor-element elementor-element-eee3b18 elementor-absolute elementor-widget elementor-widget-heading\" data-id=\"eee3b18\" data-element_type=\"widget\" data-settings=\"{&quot;_position&quot;:&quot;absolute&quot;}\" data-widget_type=\"heading.default\">\n\t\t\t\t\t<h4 class=\"elementor-heading-title elementor-size-default\">Demand Driven Leader<\/h4>\t\t\t\t<\/div>\n\t\t\t\t<div class=\"elementor-element elementor-element-116c57a elementor-widget elementor-widget-image\" data-id=\"116c57a\" data-element_type=\"widget\" data-widget_type=\"image.default\">\n\t\t\t\t\t\t\t\t\t\t\t\t\t\t\t<img loading=\"lazy\" decoding=\"async\" width=\"800\" height=\"534\" src=\"https:\/\/wa.losdemarketing.com\/wp-content\/uploads\/2025\/11\/laboratorio-de-computacion-moderno-y-equipado-1-1024x683.jpg\" class=\"attachment-large size-large wp-image-4710\" alt=\"\" srcset=\"https:\/\/wa.losdemarketing.com\/wp-content\/uploads\/2025\/11\/laboratorio-de-computacion-moderno-y-equipado-1-1024x683.jpg 1024w, https:\/\/wa.losdemarketing.com\/wp-content\/uploads\/2025\/11\/laboratorio-de-computacion-moderno-y-equipado-1-300x200.jpg 300w, https:\/\/wa.losdemarketing.com\/wp-content\/uploads\/2025\/11\/laboratorio-de-computacion-moderno-y-equipado-1-768x512.jpg 768w, https:\/\/wa.losdemarketing.com\/wp-content\/uploads\/2025\/11\/laboratorio-de-computacion-moderno-y-equipado-1-1536x1024.jpg 1536w, https:\/\/wa.losdemarketing.com\/wp-content\/uploads\/2025\/11\/laboratorio-de-computacion-moderno-y-equipado-1-2048x1365.jpg 2048w\" sizes=\"(max-width: 800px) 100vw, 800px\" \/>\t\t\t\t\t\t\t\t\t\t\t\t\t\t\t<\/div>\n\t\t\t\t<\/div>\n\t\t\t\t<\/div>\n\t\t\t\t<div class=\"elementor-element elementor-element-1d94973 elementor-widget elementor-widget-heading\" data-id=\"1d94973\" data-element_type=\"widget\" data-widget_type=\"heading.default\">\n\t\t\t\t\t<h4 class=\"elementor-heading-title elementor-size-default\">Instrutores<\/h4>\t\t\t\t<\/div>\n\t\t\t\t<div class=\"elementor-element elementor-element-60d5ec2 elementor-widget elementor-widget-text-editor\" data-id=\"60d5ec2\" data-element_type=\"widget\" data-widget_type=\"text-editor.default\">\n\t\t\t\t\t\t\t\t\t<div class=\"rb_textmodule_691e30e319013 rb_textmodule with_subtitle\"><div class=\"rb_textmodule_info_wrapper\"><div class=\"rb_textmodule_content_wrapper\"><ul><li>Juan Camilo Trujillo<\/li><li>Gustavo Ben\u00edtez<\/li><\/ul><\/div><\/div><\/div><div id=\"rb_button_wrapper_691e30e319228\" class=\"rb_button_wrapper \">\u00a0<\/div>\t\t\t\t\t\t\t\t<\/div>\n\t\t\t\t<div class=\"elementor-element elementor-element-f7cdf51 elementor-align-left elementor-tablet-align-left elementor-mobile-align-center animated-fast elementor-invisible elementor-widget elementor-widget-button\" data-id=\"f7cdf51\" data-element_type=\"widget\" data-settings=\"{&quot;_animation&quot;:&quot;zoomIn&quot;}\" data-widget_type=\"button.default\">\n\t\t\t\t\t\t\t\t\t\t<a class=\"elementor-button elementor-button-link elementor-size-sm\" href=\"https:\/\/wa.losdemarketing.com\/pt-br\/entre-em-contato-conosco\/\">\n\t\t\t\t\t\t<span class=\"elementor-button-content-wrapper\">\n\t\t\t\t\t\t<span class=\"elementor-button-icon\">\n\t\t\t\t<svg aria-hidden=\"true\" class=\"e-font-icon-svg e-fas-arrow-right\" viewBox=\"0 0 448 512\" xmlns=\"http:\/\/www.w3.org\/2000\/svg\"><path d=\"M190.5 66.9l22.2-22.2c9.4-9.4 24.6-9.4 33.9 0L441 239c9.4 9.4 9.4 24.6 0 33.9L246.6 467.3c-9.4 9.4-24.6 9.4-33.9 0l-22.2-22.2c-9.5-9.5-9.3-25 .4-34.3L311.4 296H24c-13.3 0-24-10.7-24-24v-32c0-13.3 10.7-24 24-24h287.4L190.9 101.2c-9.8-9.3-10-24.8-.4-34.3z\"><\/path><\/svg>\t\t\t<\/span>\n\t\t\t\t\t\t\t\t\t<span class=\"elementor-button-text\">Quero receber informa\u00e7\u00f5es<\/span>\n\t\t\t\t\t<\/span>\n\t\t\t\t\t<\/a>\n\t\t\t\t\t\t\t\t<\/div>\n\t\t\t\t\t<\/div>\n\t\t\t\t<\/div>\n\t\t<div class=\"elementor-element elementor-element-e40667d elq e-flex e-con-boxed e-con e-child\" data-id=\"e40667d\" data-element_type=\"container\">\n\t\t\t\t\t<div class=\"e-con-inner\">\n\t\t<div class=\"elementor-element elementor-element-47ef0c2 e-con-full e-flex elementor-invisible e-con e-child\" data-id=\"47ef0c2\" data-element_type=\"container\" data-settings=\"{&quot;animation&quot;:&quot;fadeIn&quot;}\">\n\t\t\t\t<div class=\"elementor-element elementor-element-b1f9537 elementor-invisible elementor-widget elementor-widget-text-editor\" data-id=\"b1f9537\" data-element_type=\"widget\" data-settings=\"{&quot;_animation&quot;:&quot;fadeIn&quot;}\" data-widget_type=\"text-editor.default\">\n\t\t\t\t\t\t\t\t\t<p>\u00c9 o componente estrat\u00e9gico do modelo onde se combina inova\u00e7\u00e3o orientada ao mercado, com a estrat\u00e9gia de opera\u00e7\u00f5es, a estrat\u00e9gia Go-To-Market e a estrat\u00e9gia financeira para criar informa\u00e7\u00e3o estrat\u00e9gica, os requisitos para a reconcilia\u00e7\u00e3o t\u00e1tica e a proje\u00e7\u00e3o estrat\u00e9gica.<br>(N\u00edvel estrat\u00e9gico)<\/p>\t\t\t\t\t\t\t\t<\/div>\n\t\t<div class=\"elementor-element elementor-element-d8720da e-con-full e-flex e-con e-child\" data-id=\"d8720da\" data-element_type=\"container\">\n\t\t\t\t<div class=\"elementor-element elementor-element-1e5aba9 elementor-absolute elementor-widget elementor-widget-heading\" data-id=\"1e5aba9\" data-element_type=\"widget\" data-settings=\"{&quot;_position&quot;:&quot;absolute&quot;}\" data-widget_type=\"heading.default\">\n\t\t\t\t\t<h4 class=\"elementor-heading-title elementor-size-default\">Adaptative S&amp;OP<\/h4>\t\t\t\t<\/div>\n\t\t\t\t<div class=\"elementor-element elementor-element-1651a36 elementor-widget elementor-widget-image\" data-id=\"1651a36\" data-element_type=\"widget\" data-widget_type=\"image.default\">\n\t\t\t\t\t\t\t\t\t\t\t\t\t\t\t<img loading=\"lazy\" decoding=\"async\" width=\"800\" height=\"533\" src=\"https:\/\/wa.losdemarketing.com\/wp-content\/uploads\/2025\/11\/empresario-que-presenta-los-datos-1-1024x682.webp\" class=\"attachment-large size-large wp-image-4713\" alt=\"\" srcset=\"https:\/\/wa.losdemarketing.com\/wp-content\/uploads\/2025\/11\/empresario-que-presenta-los-datos-1-1024x682.webp 1024w, https:\/\/wa.losdemarketing.com\/wp-content\/uploads\/2025\/11\/empresario-que-presenta-los-datos-1-300x200.webp 300w, https:\/\/wa.losdemarketing.com\/wp-content\/uploads\/2025\/11\/empresario-que-presenta-los-datos-1-768x512.webp 768w, https:\/\/wa.losdemarketing.com\/wp-content\/uploads\/2025\/11\/empresario-que-presenta-los-datos-1-1536x1024.webp 1536w, https:\/\/wa.losdemarketing.com\/wp-content\/uploads\/2025\/11\/empresario-que-presenta-los-datos-1.webp 2000w\" sizes=\"(max-width: 800px) 100vw, 800px\" \/>\t\t\t\t\t\t\t\t\t\t\t\t\t\t\t<\/div>\n\t\t\t\t<\/div>\n\t\t\t\t<\/div>\n\t\t\t\t<div class=\"elementor-element elementor-element-63b4a39 elementor-widget elementor-widget-heading\" data-id=\"63b4a39\" data-element_type=\"widget\" data-widget_type=\"heading.default\">\n\t\t\t\t\t<h4 class=\"elementor-heading-title elementor-size-default\">Instrutores<\/h4>\t\t\t\t<\/div>\n\t\t\t\t<div class=\"elementor-element elementor-element-3a256bd elementor-widget elementor-widget-text-editor\" data-id=\"3a256bd\" data-element_type=\"widget\" data-widget_type=\"text-editor.default\">\n\t\t\t\t\t\t\t\t\t<div class=\"rb_textmodule_691e30e319013 rb_textmodule with_subtitle\"><div class=\"rb_textmodule_info_wrapper\"><div class=\"rb_textmodule_content_wrapper\"><div class=\"rb_textmodule_691e30e31ba52 rb_textmodule with_subtitle\"><div class=\"rb_textmodule_info_wrapper\"><div class=\"rb_textmodule_content_wrapper\"><ul><li>Juan Camilo Trujillo<\/li><li>Juan David Restrepo<\/li><\/ul><\/div><\/div><\/div><div id=\"rb_button_wrapper_691e30e31bc64\" class=\"rb_button_wrapper \">\u00a0<\/div><\/div><\/div><\/div>\t\t\t\t\t\t\t\t<\/div>\n\t\t\t\t<div class=\"elementor-element elementor-element-b50a45d elementor-align-left elementor-tablet-align-left elementor-mobile-align-center animated-fast elementor-invisible elementor-widget elementor-widget-button\" data-id=\"b50a45d\" data-element_type=\"widget\" data-settings=\"{&quot;_animation&quot;:&quot;zoomIn&quot;}\" data-widget_type=\"button.default\">\n\t\t\t\t\t\t\t\t\t\t<a class=\"elementor-button elementor-button-link elementor-size-sm\" href=\"https:\/\/wa.losdemarketing.com\/pt-br\/entre-em-contato-conosco\/\">\n\t\t\t\t\t\t<span class=\"elementor-button-content-wrapper\">\n\t\t\t\t\t\t<span class=\"elementor-button-icon\">\n\t\t\t\t<svg aria-hidden=\"true\" class=\"e-font-icon-svg e-fas-arrow-right\" viewBox=\"0 0 448 512\" xmlns=\"http:\/\/www.w3.org\/2000\/svg\"><path d=\"M190.5 66.9l22.2-22.2c9.4-9.4 24.6-9.4 33.9 0L441 239c9.4 9.4 9.4 24.6 0 33.9L246.6 467.3c-9.4 9.4-24.6 9.4-33.9 0l-22.2-22.2c-9.5-9.5-9.3-25 .4-34.3L311.4 296H24c-13.3 0-24-10.7-24-24v-32c0-13.3 10.7-24 24-24h287.4L190.9 101.2c-9.8-9.3-10-24.8-.4-34.3z\"><\/path><\/svg>\t\t\t<\/span>\n\t\t\t\t\t\t\t\t\t<span class=\"elementor-button-text\">Quero receber informa\u00e7\u00f5es<\/span>\n\t\t\t\t\t<\/span>\n\t\t\t\t\t<\/a>\n\t\t\t\t\t\t\t\t<\/div>\n\t\t\t\t\t<\/div>\n\t\t\t\t<\/div>\n\t\t\t\t<\/div>\n\t\t\t\t<\/div>\n\t\t","protected":false},"excerpt":{"rendered":"<p>Educa\u00e7\u00e3o Potencialize suas capacidades e as de sua equipe com treinamentos projetados para compreender melhor sua opera\u00e7\u00e3o, antecipar a demanda e tomar decis\u00f5es mais seguras. Por meio de aulas pr\u00e1ticas e guiadas por especialistas, voc\u00ea aprender\u00e1 a dominar as metodologias e ferramentas que transformam a maneira como voc\u00ea planeja, opera e lidera sua cadeia de [&hellip;]<\/p>\n","protected":false},"author":1,"featured_media":0,"parent":0,"menu_order":0,"comment_status":"closed","ping_status":"closed","template":"","meta":{"footnotes":""},"class_list":["post-4706","page","type-page","status-publish","hentry"],"_links":{"self":[{"href":"https:\/\/wa.losdemarketing.com\/pt-br\/wp-json\/wp\/v2\/pages\/4706","targetHints":{"allow":["GET"]}}],"collection":[{"href":"https:\/\/wa.losdemarketing.com\/pt-br\/wp-json\/wp\/v2\/pages"}],"about":[{"href":"https:\/\/wa.losdemarketing.com\/pt-br\/wp-json\/wp\/v2\/types\/page"}],"author":[{"embeddable":true,"href":"https:\/\/wa.losdemarketing.com\/pt-br\/wp-json\/wp\/v2\/users\/1"}],"replies":[{"embeddable":true,"href":"https:\/\/wa.losdemarketing.com\/pt-br\/wp-json\/wp\/v2\/comments?post=4706"}],"version-history":[{"count":9,"href":"https:\/\/wa.losdemarketing.com\/pt-br\/wp-json\/wp\/v2\/pages\/4706\/revisions"}],"predecessor-version":[{"id":6260,"href":"https:\/\/wa.losdemarketing.com\/pt-br\/wp-json\/wp\/v2\/pages\/4706\/revisions\/6260"}],"wp:attachment":[{"href":"https:\/\/wa.losdemarketing.com\/pt-br\/wp-json\/wp\/v2\/media?parent=4706"}],"curies":[{"name":"wp","href":"https:\/\/api.w.org\/{rel}","templated":true}]}}